{"id":7530,"date":"2020-05-26T20:40:31","date_gmt":"2020-05-26T20:40:31","guid":{"rendered":"https:\/\/pwa.unimento.net\/?page_id=7530"},"modified":"2020-05-31T19:42:23","modified_gmt":"2020-05-31T19:42:23","slug":"excursiones-en-torremolinos","status":"publish","type":"page","link":"https:\/\/www.thepalmexperiencehotels.com\/en\/torremolinos-costa-del-sol\/excursiones-en-torremolinos\/","title":{"rendered":"Trips Torremolinos"},"content":{"rendered":"\n<div class=\"is-divider divider clearfix\" style=\"height:0px;\"><\/div>\n\n<div class=\"row\"  id=\"row-1505293900\">\n\n\n\t<div id=\"col-1675991558\" class=\"col medium-6 small-12 large-6\"  >\n\t\t\t\t<div class=\"col-inner\"  >\n\t\t\t\n\t\t\t\n\n\t<div class=\"box has-hover   has-hover box-default box-text-bottom\" >\n\n\t\t<div class=\"box-image\" >\n\t\t\t\t\t\t<div class=\"image-cover\" style=\"padding-top:56.25%;\">\n\t\t\t\t<img loading=\"lazy\" decoding=\"async\" width=\"768\" height=\"516\" src=\"https:\/\/www.thepalmexperiencehotels.com\/wp-content\/uploads\/2020\/02\/Mirador-del-lobo-torremolinos-768x516-1.jpg\" class=\"attachment- size-\" alt=\"\" srcset=\"https:\/\/www.thepalmexperiencehotels.com\/wp-content\/uploads\/2020\/02\/Mirador-del-lobo-torremolinos-768x516-1.jpg 768w, https:\/\/www.thepalmexperiencehotels.com\/wp-content\/uploads\/2020\/02\/Mirador-del-lobo-torremolinos-768x516-1-300x202.jpg 300w\" sizes=\"auto, (max-width: 768px) 100vw, 768px\" \/>\t\t\t\t\t\t\t\t\t\t\t<\/div>\n\t\t\t\t\t<\/div>\n\n\t\t<div class=\"box-text text-left\" >\n\t\t\t<div class=\"box-text-inner\">\n\t\t\t\t\n\n<p>\u00a0<\/p>\n<h3>Paloma Peak, Jabalcuza Hill And El Lobo Vantage Point<\/h3>\n<p>This is an extraordinary route, allowing you to view the Costa del Sol from above, which is of moderate difficulty, taking about 4 hours. It starts off at the Torremolinos Water Reservoir, up to the quarries, the starting point of the ascent along a trail up to the Paloma Peak, allowing you to enjoy a spectacular view of a large part of the Costa del Sol. Keep climbing and you\u2019ll arrive at the Jabalcuza hill, offering even broader view and allowing you to take in the whole of the Valley of the Guadalhorce. You then start the descent, passing by the La Blanquilla port and by el Lobo mountain refuge where you can spend a night surrounded by pure nature. The rich fauna and flora that accompanies this walk is an interesting incentive for the traveller.<\/p>\n<p>Finally, visit the Nature Classroom, overlooking the coast and the cable car. You start your descent from the el Lobo vantage point, following a pathway with a slope surrounded by a pine forest to finish the tour.<\/p>\n\n\t\t\t<\/div>\n\t\t<\/div>\n\t<\/div>\n\t\n\n\t\t<\/div>\n\t\t\t\t\t<\/div>\n\n\t\n\n\t<div id=\"col-1655397570\" class=\"col medium-6 small-12 large-6\"  >\n\t\t\t\t<div class=\"col-inner\"  >\n\t\t\t\n\t\t\t\n\n\t<div class=\"box has-hover   has-hover box-text-bottom\" >\n\n\t\t<div class=\"box-image\" >\n\t\t\t\t\t\t<div class=\"image-cover\" style=\"padding-top:56.25%;\">\n\t\t\t\t<img loading=\"lazy\" decoding=\"async\" width=\"700\" height=\"525\" src=\"https:\/\/www.thepalmexperiencehotels.com\/wp-content\/uploads\/2020\/02\/pinar-de-los-manantiales-torremolinos.jpg\" class=\"attachment- size-\" alt=\"\" srcset=\"https:\/\/www.thepalmexperiencehotels.com\/wp-content\/uploads\/2020\/02\/pinar-de-los-manantiales-torremolinos.jpg 700w, https:\/\/www.thepalmexperiencehotels.com\/wp-content\/uploads\/2020\/02\/pinar-de-los-manantiales-torremolinos-300x225.jpg 300w\" sizes=\"auto, (max-width: 700px) 100vw, 700px\" \/>\t\t\t\t\t\t\t\t\t\t\t<\/div>\n\t\t\t\t\t<\/div>\n\n\t\t<div class=\"box-text text-left\" >\n\t\t\t<div class=\"box-text-inner\">\n\t\t\t\t\n\n<p>&nbsp;<\/p>\n<h3>Pinar de los Manantiales, cerro de las alegr\u00edas y Puerto del Ca\u00f1uelo<br \/>\n<\/h3>\nMountain overlooking the Pinar de los Manantiales, where the first fountain is located, has to pass through the pine forest along the streambed to the A-7 motorway passing through a small tunnel. At this point, a stream opens up with a trail as far as the Cerro de las Alegr\u00edas and then on to the Cueva del Murci\u00e9lago, some 500m from an old reservoir very close to the trail that will take you to the Puerto del Ca\u00f1uelo, where you can see the ruins of la Casita de la Vi\u00f1a, a few metres away from where the Cueva del Toro opens up. This is a short and quite enjoyable trail.\n\n\t\t\t<\/div>\n\t\t<\/div>\n\t<\/div>\n\t\n\n\t\t<\/div>\n\t\t\t\t\t<\/div>\n\n\t\n\n<\/div>\n<div class=\"row\"  id=\"row-1393151512\">\n\n\n\t<div id=\"col-1238731643\" class=\"col medium-6 small-12 large-6\"  >\n\t\t\t\t<div class=\"col-inner\"  >\n\t\t\t\n\t\t\t\n\n\t<div class=\"box has-hover   has-hover box-default box-text-bottom\" >\n\n\t\t<div class=\"box-image\" >\n\t\t\t\t\t\t<div class=\"image-cover\" style=\"padding-top:56.25%;\">\n\t\t\t\t<img loading=\"lazy\" decoding=\"async\" width=\"768\" height=\"576\" src=\"https:\/\/www.thepalmexperiencehotels.com\/wp-content\/uploads\/2020\/02\/canada-del-lobo-torremolinos-768x576-1.jpg\" class=\"attachment- size-\" alt=\"\" srcset=\"https:\/\/www.thepalmexperiencehotels.com\/wp-content\/uploads\/2020\/02\/canada-del-lobo-torremolinos-768x576-1.jpg 768w, https:\/\/www.thepalmexperiencehotels.com\/wp-content\/uploads\/2020\/02\/canada-del-lobo-torremolinos-768x576-1-300x225.jpg 300w\" sizes=\"auto, (max-width: 768px) 100vw, 768px\" \/>\t\t\t\t\t\t\t\t\t\t\t<\/div>\n\t\t\t\t\t<\/div>\n\n\t\t<div class=\"box-text text-left\" >\n\t\t\t<div class=\"box-text-inner\">\n\t\t\t\t\n\n<p>&nbsp;<\/p>\n<h3>\u2028Ca\u00f1ada del Lobo circularen la Sierra de Torremolinos<br \/>\n<\/h3>\nThis circular route begins at the Torremolinos fairground, following the Fuente de la Higuera stream through an area of scrub that will take you to the junction with the trail SL-50. From there you can view Alhaurin de la Torre. Continue by the Llano de los Pajaritos until you reach the Refuge and Hostel area of la Ca\u00f1ada del Lobo, from where you can take in the spectacular views. Return by descending down toward the pine trees close to the quarries to return to your starting point.\n\n\t\t\t<\/div>\n\t\t<\/div>\n\t<\/div>\n\t\n\n\t\t<\/div>\n\t\t\t\t\t<\/div>\n\n\t\n\n\t<div id=\"col-735689168\" class=\"col medium-6 small-12 large-6\"  >\n\t\t\t\t<div class=\"col-inner\"  >\n\t\t\t\n\t\t\t\n\n\t<div class=\"box has-hover   has-hover box-default box-text-bottom\" >\n\n\t\t<div class=\"box-image\" >\n\t\t\t\t\t\t<div class=\"image-cover\" style=\"padding-top:56.25%;\">\n\t\t\t\t<img loading=\"lazy\" decoding=\"async\" width=\"612\" height=\"480\" src=\"https:\/\/www.thepalmexperiencehotels.com\/wp-content\/uploads\/2020\/02\/torremolinos-benalmadena-torremolinos.jpg\" class=\"attachment- size-\" alt=\"\" srcset=\"https:\/\/www.thepalmexperiencehotels.com\/wp-content\/uploads\/2020\/02\/torremolinos-benalmadena-torremolinos.jpg 612w, https:\/\/www.thepalmexperiencehotels.com\/wp-content\/uploads\/2020\/02\/torremolinos-benalmadena-torremolinos-300x235.jpg 300w\" sizes=\"auto, (max-width: 612px) 100vw, 612px\" \/>\t\t\t\t\t\t\t\t\t\t\t<\/div>\n\t\t\t\t\t<\/div>\n\n\t\t<div class=\"box-text text-left\" >\n\t\t\t<div class=\"box-text-inner\">\n\t\t\t\t\n\n<p>&nbsp;<\/p>\n<h3>Torremolinos, Benalm\u00e1dena and Fuengirola<br \/>\n<\/h3>\nThis is a simple trail with no steep climbs, running along the promenade. There is about 40 kilometres between Torremolinos to Fuengirola, with the entire route surrounded by pedestrian areas, allowing you to enjoy the maritime landscape of the Costa del Sol. You can either walk the whole route from Torremolinos to Fuengirola, or just take a walk and then turn back.\n\n\t\t\t<\/div>\n\t\t<\/div>\n\t<\/div>\n\t\n\n\t\t<\/div>\n\t\t\t\t\t<\/div>\n\n\t\n\n<\/div>\n\n","protected":false},"excerpt":{"rendered":"","protected":false},"author":1,"featured_media":0,"parent":7493,"menu_order":0,"comment_status":"closed","ping_status":"closed","template":"","meta":{"footnotes":"","_links_to":"","_links_to_target":""},"class_list":["post-7530","page","type-page","status-publish","hentry"],"yoast_head":"<!-- This site is optimized with the Yoast SEO plugin v26.8 - https:\/\/yoast.com\/product\/yoast-seo-wordpress\/ -->\n<title>Trips Torremolinos - The Palm Experience Hotels<\/title>\n<meta name=\"robots\" content=\"index, follow, max-snippet:-1, max-image-preview:large, max-video-preview:-1\" \/>\n<link rel=\"canonical\" href=\"https:\/\/www.thepalmexperiencehotels.com\/en\/torremolinos-costa-del-sol\/excursiones-en-torremolinos\/\" \/>\n<meta property=\"og:locale\" content=\"en_US\" \/>\n<meta property=\"og:type\" content=\"article\" \/>\n<meta property=\"og:title\" content=\"Trips Torremolinos - The Palm Experience Hotels\" \/>\n<meta property=\"og:url\" content=\"https:\/\/www.thepalmexperiencehotels.com\/en\/torremolinos-costa-del-sol\/excursiones-en-torremolinos\/\" \/>\n<meta property=\"og:site_name\" content=\"The Palm Experience Hotels\" \/>\n<meta property=\"article:modified_time\" content=\"2020-05-31T19:42:23+00:00\" \/>\n<meta name=\"twitter:card\" content=\"summary_large_image\" \/>\n<meta name=\"twitter:label1\" content=\"Est. reading time\" \/>\n\t<meta name=\"twitter:data1\" content=\"3 minutes\" \/>\n<script type=\"application\/ld+json\" class=\"yoast-schema-graph\">{\"@context\":\"https:\/\/schema.org\",\"@graph\":[{\"@type\":\"WebPage\",\"@id\":\"https:\/\/www.thepalmexperiencehotels.com\/en\/torremolinos-costa-del-sol\/excursiones-en-torremolinos\/\",\"url\":\"https:\/\/www.thepalmexperiencehotels.com\/en\/torremolinos-costa-del-sol\/excursiones-en-torremolinos\/\",\"name\":\"Trips Torremolinos - The Palm Experience Hotels\",\"isPartOf\":{\"@id\":\"https:\/\/www.thepalmexperiencehotels.com\/en\/#website\"},\"datePublished\":\"2020-05-26T20:40:31+00:00\",\"dateModified\":\"2020-05-31T19:42:23+00:00\",\"breadcrumb\":{\"@id\":\"https:\/\/www.thepalmexperiencehotels.com\/en\/torremolinos-costa-del-sol\/excursiones-en-torremolinos\/#breadcrumb\"},\"inLanguage\":\"en-US\",\"potentialAction\":[{\"@type\":\"ReadAction\",\"target\":[\"https:\/\/www.thepalmexperiencehotels.com\/en\/torremolinos-costa-del-sol\/excursiones-en-torremolinos\/\"]}]},{\"@type\":\"BreadcrumbList\",\"@id\":\"https:\/\/www.thepalmexperiencehotels.com\/en\/torremolinos-costa-del-sol\/excursiones-en-torremolinos\/#breadcrumb\",\"itemListElement\":[{\"@type\":\"ListItem\",\"position\":1,\"name\":\"Portada\",\"item\":\"https:\/\/www.thepalmexperiencehotels.com\/en\/\"},{\"@type\":\"ListItem\",\"position\":2,\"name\":\"Torremolinos, Costa del Sol\",\"item\":\"https:\/\/www.thepalmexperiencehotels.com\/en\/torremolinos-costa-del-sol\/\"},{\"@type\":\"ListItem\",\"position\":3,\"name\":\"Trips Torremolinos\"}]},{\"@type\":\"WebSite\",\"@id\":\"https:\/\/www.thepalmexperiencehotels.com\/en\/#website\",\"url\":\"https:\/\/www.thepalmexperiencehotels.com\/en\/\",\"name\":\"The Palm Experience Hotels\",\"description\":\"Los mejores hoteles de la Costa Espa\u00f1ola\",\"potentialAction\":[{\"@type\":\"SearchAction\",\"target\":{\"@type\":\"EntryPoint\",\"urlTemplate\":\"https:\/\/www.thepalmexperiencehotels.com\/en\/?s={search_term_string}\"},\"query-input\":{\"@type\":\"PropertyValueSpecification\",\"valueRequired\":true,\"valueName\":\"search_term_string\"}}],\"inLanguage\":\"en-US\"}]}<\/script>\n<!-- \/ Yoast SEO plugin. -->","yoast_head_json":{"title":"Trips Torremolinos - The Palm Experience Hotels","robots":{"index":"index","follow":"follow","max-snippet":"max-snippet:-1","max-image-preview":"max-image-preview:large","max-video-preview":"max-video-preview:-1"},"canonical":"https:\/\/www.thepalmexperiencehotels.com\/en\/torremolinos-costa-del-sol\/excursiones-en-torremolinos\/","og_locale":"en_US","og_type":"article","og_title":"Trips Torremolinos - The Palm Experience Hotels","og_url":"https:\/\/www.thepalmexperiencehotels.com\/en\/torremolinos-costa-del-sol\/excursiones-en-torremolinos\/","og_site_name":"The Palm Experience Hotels","article_modified_time":"2020-05-31T19:42:23+00:00","twitter_card":"summary_large_image","twitter_misc":{"Est. reading time":"3 minutes"},"schema":{"@context":"https:\/\/schema.org","@graph":[{"@type":"WebPage","@id":"https:\/\/www.thepalmexperiencehotels.com\/en\/torremolinos-costa-del-sol\/excursiones-en-torremolinos\/","url":"https:\/\/www.thepalmexperiencehotels.com\/en\/torremolinos-costa-del-sol\/excursiones-en-torremolinos\/","name":"Trips Torremolinos - The Palm Experience Hotels","isPartOf":{"@id":"https:\/\/www.thepalmexperiencehotels.com\/en\/#website"},"datePublished":"2020-05-26T20:40:31+00:00","dateModified":"2020-05-31T19:42:23+00:00","breadcrumb":{"@id":"https:\/\/www.thepalmexperiencehotels.com\/en\/torremolinos-costa-del-sol\/excursiones-en-torremolinos\/#breadcrumb"},"inLanguage":"en-US","potentialAction":[{"@type":"ReadAction","target":["https:\/\/www.thepalmexperiencehotels.com\/en\/torremolinos-costa-del-sol\/excursiones-en-torremolinos\/"]}]},{"@type":"BreadcrumbList","@id":"https:\/\/www.thepalmexperiencehotels.com\/en\/torremolinos-costa-del-sol\/excursiones-en-torremolinos\/#breadcrumb","itemListElement":[{"@type":"ListItem","position":1,"name":"Portada","item":"https:\/\/www.thepalmexperiencehotels.com\/en\/"},{"@type":"ListItem","position":2,"name":"Torremolinos, Costa del Sol","item":"https:\/\/www.thepalmexperiencehotels.com\/en\/torremolinos-costa-del-sol\/"},{"@type":"ListItem","position":3,"name":"Trips Torremolinos"}]},{"@type":"WebSite","@id":"https:\/\/www.thepalmexperiencehotels.com\/en\/#website","url":"https:\/\/www.thepalmexperiencehotels.com\/en\/","name":"The Palm Experience Hotels","description":"Los mejores hoteles de la Costa Espa\u00f1ola","potentialAction":[{"@type":"SearchAction","target":{"@type":"EntryPoint","urlTemplate":"https:\/\/www.thepalmexperiencehotels.com\/en\/?s={search_term_string}"},"query-input":{"@type":"PropertyValueSpecification","valueRequired":true,"valueName":"search_term_string"}}],"inLanguage":"en-US"}]}},"_links":{"self":[{"href":"https:\/\/www.thepalmexperiencehotels.com\/en\/wp-json\/wp\/v2\/pages\/7530","targetHints":{"allow":["GET"]}}],"collection":[{"href":"https:\/\/www.thepalmexperiencehotels.com\/en\/wp-json\/wp\/v2\/pages"}],"about":[{"href":"https:\/\/www.thepalmexperiencehotels.com\/en\/wp-json\/wp\/v2\/types\/page"}],"author":[{"embeddable":true,"href":"https:\/\/www.thepalmexperiencehotels.com\/en\/wp-json\/wp\/v2\/users\/1"}],"replies":[{"embeddable":true,"href":"https:\/\/www.thepalmexperiencehotels.com\/en\/wp-json\/wp\/v2\/comments?post=7530"}],"version-history":[{"count":4,"href":"https:\/\/www.thepalmexperiencehotels.com\/en\/wp-json\/wp\/v2\/pages\/7530\/revisions"}],"predecessor-version":[{"id":7834,"href":"https:\/\/www.thepalmexperiencehotels.com\/en\/wp-json\/wp\/v2\/pages\/7530\/revisions\/7834"}],"up":[{"embeddable":true,"href":"https:\/\/www.thepalmexperiencehotels.com\/en\/wp-json\/wp\/v2\/pages\/7493"}],"wp:attachment":[{"href":"https:\/\/www.thepalmexperiencehotels.com\/en\/wp-json\/wp\/v2\/media?parent=7530"}],"curies":[{"name":"wp","href":"https:\/\/api.w.org\/{rel}","templated":true}]}}