{"id":8101,"date":"2020-06-01T17:57:36","date_gmt":"2020-06-01T17:57:36","guid":{"rendered":"https:\/\/www.thepalmexperiencehotels.com\/?page_id=8101"},"modified":"2026-01-27T14:47:17","modified_gmt":"2026-01-27T14:47:17","slug":"newsletter","status":"publish","type":"page","link":"https:\/\/www.thepalmexperiencehotels.com\/en\/newsletter\/","title":{"rendered":"Newsletter"},"content":{"rendered":"\n\t<section class=\"section\" id=\"section_1006494482\">\n\t\t<div class=\"section-bg fill\" >\n\t\t\t\t\t\t\t\t\t\n\t\t\t\n\n\t\t<\/div>\n\n\t\t\n\n\t\t<div class=\"section-content relative\">\n\t\t\t\n<div class=\"row align-middle align-center\"  id=\"row-478929515\">\n\n\t<div id=\"col-1602936476\" class=\"col medium-8 small-12 large-8\"  >\n\t\t\t\t<div class=\"col-inner\"  >\n\t\t\t\n\t\t\t\n<div class=\"forminator-ui forminator-custom-form forminator-custom-form-22024 forminator-design--default  forminator_ajax\" data-forminator-render=\"0\" data-form=\"forminator-module-22024\" data-uid=\"69f8c64645aea\"><br\/><\/div><form\n\t\t\t\tid=\"forminator-module-22024\"\n\t\t\t\tclass=\"forminator-ui forminator-custom-form forminator-custom-form-22024 forminator-design--default  forminator_ajax\"\n\t\t\t\tmethod=\"post\"\n\t\t\t\tdata-forminator-render=\"0\"\n\t\t\t\tdata-form-id=\"22024\"\n\t\t\t\t data-color-option=\"default\" data-design=\"default\" data-grid=\"open\" style=\"display: none;\"\n\t\t\t\tdata-uid=\"69f8c64645aea\"\n\t\t\t><div role=\"alert\" aria-live=\"polite\" class=\"forminator-response-message forminator-error\" aria-hidden=\"true\"><\/div><div class=\"forminator-row\"><div id=\"name-1\" class=\"forminator-field-name forminator-col forminator-col-6 \"><div class=\"forminator-field\"><label for=\"forminator-field-name-1_69f8c64645aea\" id=\"forminator-field-name-1_69f8c64645aea-label\" class=\"forminator-label\">Nombre<\/label><input type=\"text\" name=\"name-1\" value=\"\" placeholder=\"\" id=\"forminator-field-name-1_69f8c64645aea\" class=\"forminator-input forminator-name--field\" aria-required=\"false\" autocomplete=\"name\" \/><\/div><\/div><div id=\"email-1\" class=\"forminator-field-email forminator-col forminator-col-6 \"><div class=\"forminator-field\"><label for=\"forminator-field-email-1_69f8c64645aea\" id=\"forminator-field-email-1_69f8c64645aea-label\" class=\"forminator-label\">Email <span class=\"forminator-required\">*<\/span><\/label><input type=\"email\" name=\"email-1\" value=\"\" placeholder=\"\" id=\"forminator-field-email-1_69f8c64645aea\" class=\"forminator-input forminator-email--field\" data-required=\"1\" aria-required=\"true\" autocomplete=\"email\" \/><\/div><\/div><\/div><div class=\"forminator-row\"><div id=\"consent-1\" class=\"forminator-field-consent forminator-col forminator-col-12 \"><div class=\"forminator-field\"><div class=\"forminator-checkbox__wrapper\"><label id=\"forminator-field-consent-1_69f8c64645aea__label\" class=\"forminator-checkbox forminator-consent\"><input type=\"checkbox\" name=\"consent-1\" id=\"forminator-field-consent-1_69f8c64645aea\" value=\"checked\" aria-labelledby=\"forminator-field-consent-1_69f8c64645aea-label\" aria-describedby=\"forminator-field-consent-1_69f8c64645aea__description\" data-required=\"true\" aria-required=\"true\" \/><span class=\"forminator-checkbox-box\" aria-hidden=\"true\"><\/span><\/label><div id=\"forminator-field-consent-1_69f8c64645aea__description\" class=\"forminator-checkbox__label forminator-consent__label\"><div class=\"Voila__Block Voila__Block--Chat\">\n<div data-v-b093002e=\"\" dir=\"ltr\" class=\"Voila__ChatMessage\">\n<div data-v-b093002e=\"\" class=\"\">\n<p>He le\u00eddo y acepto la&nbsp;<a href=\"https:\/\/www.thepalmexperiencehotels.com\/politica-de-privacidad\/\"><strong>Pol\u00edtica de Privacidad<\/strong>.<\/a><br>Al suscribirme a la newsletter, mis datos ser\u00e1n tratados por&nbsp;<strong>SPAIN TOURISTIK INVESTMENTS S.L.<\/strong>&nbsp;con la finalidad de gestionar mi suscripci\u00f3n y enviarme comunicaciones informativas y comerciales relacionadas con sus actividades, servicios y novedades.<br>Puedo retirar mi consentimiento en cualquier momento y ejercer mis derechos de acceso, rectificaci\u00f3n, supresi\u00f3n, oposici\u00f3n, limitaci\u00f3n y portabilidad conforme a lo indicado en la&nbsp;<strong>Pol\u00edtica de Privacidad<\/strong>.<\/p>\n<\/div>\n<div data-v-b093002e=\"\" class=\"Voila__Flex\">\n<div data-v-b093002e=\"\" class=\"Voila__Flex\">&nbsp;<\/div>\n<div data-v-b093002e=\"\" class=\"Voila__Flex\">&nbsp;<\/div>\n<\/div>\n<\/div>\n<\/div>\n<div class=\"Voila__Block Voila__Block--ResponseActions\">\n<div class=\"Voila__Prompt\">\n<div class=\"Voila__Block Voila__Block--Prompt\">&nbsp;<\/div>\n<\/div>\n<\/div><\/div><\/div><\/div><\/div><\/div><input type=\"hidden\" name=\"referer_url\" value=\"\" \/><div class=\"forminator-row forminator-row-last\"><div class=\"forminator-col\"><div class=\"forminator-field\"><button class=\"forminator-button forminator-button-submit\">Enviar<\/button><\/div><\/div><\/div><input type=\"hidden\" id=\"forminator_nonce\" name=\"forminator_nonce\" value=\"0cfa2f01f2\" \/><input type=\"hidden\" name=\"_wp_http_referer\" value=\"\/en\/wp-json\/wp\/v2\/pages\/8101\" \/><input type=\"hidden\" name=\"form_id\" value=\"22024\"><input type=\"hidden\" name=\"page_id\" value=\"8101\"><input type=\"hidden\" name=\"form_type\" value=\"default\"><input type=\"hidden\" name=\"current_url\" value=\"https:\/\/www.thepalmexperiencehotels.com\/en\/newsletter\/\"><input type=\"hidden\" name=\"render_id\" value=\"0\"><input type=\"hidden\" name=\"action\" value=\"forminator_submit_form_custom-forms\"><\/form>\n\t\t<\/div>\n\t\t\t\t\t<\/div>\n\n\t\n<\/div>\n\t\t<\/div>\n\n\t\t\n<style>\n#section_1006494482 {\n  padding-top: 30px;\n  padding-bottom: 30px;\n}\n<\/style>\n\t<\/section>\n\t\n","protected":false},"excerpt":{"rendered":"","protected":false},"author":1,"featured_media":0,"parent":0,"menu_order":6,"comment_status":"closed","ping_status":"closed","template":"","meta":{"footnotes":"","_links_to":"","_links_to_target":""},"class_list":["post-8101","page","type-page","status-publish","hentry"],"yoast_head":"<!-- This site is optimized with the Yoast SEO plugin v26.8 - https:\/\/yoast.com\/product\/yoast-seo-wordpress\/ -->\n<title>Newsletter - The Palm Experience Hotels<\/title>\n<meta name=\"robots\" content=\"index, follow, max-snippet:-1, max-image-preview:large, max-video-preview:-1\" \/>\n<link rel=\"canonical\" href=\"https:\/\/www.thepalmexperiencehotels.com\/en\/newsletter\/\" \/>\n<meta property=\"og:locale\" content=\"en_US\" \/>\n<meta property=\"og:type\" content=\"article\" \/>\n<meta property=\"og:title\" content=\"Newsletter - The Palm Experience Hotels\" \/>\n<meta property=\"og:url\" content=\"https:\/\/www.thepalmexperiencehotels.com\/en\/newsletter\/\" \/>\n<meta property=\"og:site_name\" content=\"The Palm Experience Hotels\" \/>\n<meta property=\"article:modified_time\" content=\"2026-01-27T14:47:17+00:00\" \/>\n<meta name=\"twitter:card\" content=\"summary_large_image\" \/>\n<meta name=\"twitter:label1\" content=\"Est. reading time\" \/>\n\t<meta name=\"twitter:data1\" content=\"1 minute\" \/>\n<script type=\"application\/ld+json\" class=\"yoast-schema-graph\">{\"@context\":\"https:\/\/schema.org\",\"@graph\":[{\"@type\":\"WebPage\",\"@id\":\"https:\/\/www.thepalmexperiencehotels.com\/en\/newsletter\/\",\"url\":\"https:\/\/www.thepalmexperiencehotels.com\/en\/newsletter\/\",\"name\":\"Newsletter - The Palm Experience Hotels\",\"isPartOf\":{\"@id\":\"https:\/\/www.thepalmexperiencehotels.com\/en\/#website\"},\"datePublished\":\"2020-06-01T17:57:36+00:00\",\"dateModified\":\"2026-01-27T14:47:17+00:00\",\"breadcrumb\":{\"@id\":\"https:\/\/www.thepalmexperiencehotels.com\/en\/newsletter\/#breadcrumb\"},\"inLanguage\":\"en-US\",\"potentialAction\":[{\"@type\":\"ReadAction\",\"target\":[\"https:\/\/www.thepalmexperiencehotels.com\/en\/newsletter\/\"]}]},{\"@type\":\"BreadcrumbList\",\"@id\":\"https:\/\/www.thepalmexperiencehotels.com\/en\/newsletter\/#breadcrumb\",\"itemListElement\":[{\"@type\":\"ListItem\",\"position\":1,\"name\":\"Portada\",\"item\":\"https:\/\/www.thepalmexperiencehotels.com\/en\/\"},{\"@type\":\"ListItem\",\"position\":2,\"name\":\"Newsletter\"}]},{\"@type\":\"WebSite\",\"@id\":\"https:\/\/www.thepalmexperiencehotels.com\/en\/#website\",\"url\":\"https:\/\/www.thepalmexperiencehotels.com\/en\/\",\"name\":\"The Palm Experience Hotels\",\"description\":\"Los mejores hoteles de la Costa Espa\u00f1ola\",\"potentialAction\":[{\"@type\":\"SearchAction\",\"target\":{\"@type\":\"EntryPoint\",\"urlTemplate\":\"https:\/\/www.thepalmexperiencehotels.com\/en\/?s={search_term_string}\"},\"query-input\":{\"@type\":\"PropertyValueSpecification\",\"valueRequired\":true,\"valueName\":\"search_term_string\"}}],\"inLanguage\":\"en-US\"}]}<\/script>\n<!-- \/ Yoast SEO plugin. -->","yoast_head_json":{"title":"Newsletter - The Palm Experience Hotels","robots":{"index":"index","follow":"follow","max-snippet":"max-snippet:-1","max-image-preview":"max-image-preview:large","max-video-preview":"max-video-preview:-1"},"canonical":"https:\/\/www.thepalmexperiencehotels.com\/en\/newsletter\/","og_locale":"en_US","og_type":"article","og_title":"Newsletter - The Palm Experience Hotels","og_url":"https:\/\/www.thepalmexperiencehotels.com\/en\/newsletter\/","og_site_name":"The Palm Experience Hotels","article_modified_time":"2026-01-27T14:47:17+00:00","twitter_card":"summary_large_image","twitter_misc":{"Est. reading time":"1 minute"},"schema":{"@context":"https:\/\/schema.org","@graph":[{"@type":"WebPage","@id":"https:\/\/www.thepalmexperiencehotels.com\/en\/newsletter\/","url":"https:\/\/www.thepalmexperiencehotels.com\/en\/newsletter\/","name":"Newsletter - The Palm Experience Hotels","isPartOf":{"@id":"https:\/\/www.thepalmexperiencehotels.com\/en\/#website"},"datePublished":"2020-06-01T17:57:36+00:00","dateModified":"2026-01-27T14:47:17+00:00","breadcrumb":{"@id":"https:\/\/www.thepalmexperiencehotels.com\/en\/newsletter\/#breadcrumb"},"inLanguage":"en-US","potentialAction":[{"@type":"ReadAction","target":["https:\/\/www.thepalmexperiencehotels.com\/en\/newsletter\/"]}]},{"@type":"BreadcrumbList","@id":"https:\/\/www.thepalmexperiencehotels.com\/en\/newsletter\/#breadcrumb","itemListElement":[{"@type":"ListItem","position":1,"name":"Portada","item":"https:\/\/www.thepalmexperiencehotels.com\/en\/"},{"@type":"ListItem","position":2,"name":"Newsletter"}]},{"@type":"WebSite","@id":"https:\/\/www.thepalmexperiencehotels.com\/en\/#website","url":"https:\/\/www.thepalmexperiencehotels.com\/en\/","name":"The Palm Experience Hotels","description":"Los mejores hoteles de la Costa Espa\u00f1ola","potentialAction":[{"@type":"SearchAction","target":{"@type":"EntryPoint","urlTemplate":"https:\/\/www.thepalmexperiencehotels.com\/en\/?s={search_term_string}"},"query-input":{"@type":"PropertyValueSpecification","valueRequired":true,"valueName":"search_term_string"}}],"inLanguage":"en-US"}]}},"_links":{"self":[{"href":"https:\/\/www.thepalmexperiencehotels.com\/en\/wp-json\/wp\/v2\/pages\/8101","targetHints":{"allow":["GET"]}}],"collection":[{"href":"https:\/\/www.thepalmexperiencehotels.com\/en\/wp-json\/wp\/v2\/pages"}],"about":[{"href":"https:\/\/www.thepalmexperiencehotels.com\/en\/wp-json\/wp\/v2\/types\/page"}],"author":[{"embeddable":true,"href":"https:\/\/www.thepalmexperiencehotels.com\/en\/wp-json\/wp\/v2\/users\/1"}],"replies":[{"embeddable":true,"href":"https:\/\/www.thepalmexperiencehotels.com\/en\/wp-json\/wp\/v2\/comments?post=8101"}],"version-history":[{"count":6,"href":"https:\/\/www.thepalmexperiencehotels.com\/en\/wp-json\/wp\/v2\/pages\/8101\/revisions"}],"predecessor-version":[{"id":28807,"href":"https:\/\/www.thepalmexperiencehotels.com\/en\/wp-json\/wp\/v2\/pages\/8101\/revisions\/28807"}],"wp:attachment":[{"href":"https:\/\/www.thepalmexperiencehotels.com\/en\/wp-json\/wp\/v2\/media?parent=8101"}],"curies":[{"name":"wp","href":"https:\/\/api.w.org\/{rel}","templated":true}]}}